{"id":4443,"date":"2019-09-02T08:33:29","date_gmt":"2019-09-02T06:33:29","guid":{"rendered":"http:\/\/grundschule-zewen.de\/?page_id=4443"},"modified":"2020-09-23T11:59:49","modified_gmt":"2020-09-23T09:59:49","slug":"fotogalerie-3","status":"publish","type":"page","link":"https:\/\/grundschule-zewen.de\/?page_id=4443","title":{"rendered":"Chronik: Fotogalerie im Schuljahr 2019\/2020"},"content":{"rendered":"<p>Ern\u00e4hrungsf\u00fchrerschein 2020<\/p>\nngg_shortcode_0_placeholder\n<p>Die Igelklasse war kreativ<\/p>\nngg_shortcode_1_placeholder\n<p>Die Bl\u00e4serklasse stellt sich vor<\/p>\n<p>ngg_shortcode_2_placeholderHandballturnier der Trierer Grundschulen<\/p>\n<p>ngg_shortcode_3_placeholderTanzturnier der Grundschulen 2020<\/p>\n<p>ngg_shortcode_4_placeholderGro\u00dfer Preis des Oberb\u00fcrgermeisters<\/p>\n<p>ngg_shortcode_5_placeholderVom Handstand bis zum H\u00fcftumschwung alles dabei\u2026<\/p>\n<p>ngg_shortcode_6_placeholderEislaufen 2020<\/p>\n<p>ngg_shortcode_7_placeholderTischtennis-Aktionstag 2020<\/p>\n<p>ngg_shortcode_8_placeholderSilvesterlauf 2019<\/p>\n<p>ngg_shortcode_9_placeholderErste Weihnachtsb\u00e4ckerei der 1. Klasse<\/p>\n<p>ngg_shortcode_10_placeholderIn der Weihnachtsb\u00e4ckerei &#8230;<\/p>\n<p>ngg_shortcode_11_placeholderPr\u00e4ventionsangebot \u201eFitness-Check\u201c der AOK<\/p>\n<p>ngg_shortcode_12_placeholderBesuch vom Nikolaus<\/p>\n<p>ngg_shortcode_13_placeholderTreffen der Detektive und Sp\u00fcrnasen in der Grundschule Zewen<\/p>\n<p>ngg_shortcode_14_placeholderSkipping Hearts &#8211; Seilspringen macht Schule 2019<\/p>\n<p>ngg_shortcode_15_placeholderBasketball-Turnier der Trierer Grundschulen 2019<\/p>\n<p>ngg_shortcode_16_placeholderKlassenfahrt der 4. Klassen nach Cochem<\/p>\n<p>ngg_shortcode_17_placeholder&#8222;Vom Acker in den Mund&#8220; &#8211; Bauernhofbesuch<\/p>\n<p>ngg_shortcode_18_placeholder&#8222;Apfelernte&#8220; bei Bauer Greif<\/p>\n<p>ngg_shortcode_19_placeholderWas soll man blo\u00df anziehen?<\/p>\n<p>ngg_shortcode_20_placeholderFamilienwanderung der Klasse 4b<\/p>\nngg_shortcode_21_placeholder\n<p>Leset\u00fcten-Aktion 2019<\/p>\n<p>ngg_shortcode_22_placeholderKindermeilen-Kampagne 2019<\/p>\n<p>ngg_shortcode_23_placeholderIlluminale-Workshop 2019 der Klasse 4b<\/p>\nngg_shortcode_24_placeholder\n","protected":false},"excerpt":{"rendered":"<p>Ern\u00e4hrungsf\u00fchrerschein 2020 Die Igelklasse war kreativ Die Bl\u00e4serklasse stellt sich vor Handballturnier der Trierer Grundschulen Tanzturnier der Grundschulen 2020 Gro\u00dfer Preis des Oberb\u00fcrgermeisters Vom Handstand bis zum H\u00fcftumschwung alles dabei\u2026 Eislaufen 2020 Tischtennis-Aktionstag 2020 Silvesterlauf 2019 Erste Weihnachtsb\u00e4ckerei der 1. Klasse In der Weihnachtsb\u00e4ckerei &#8230; Pr\u00e4ventionsangebot \u201eFitness-Check\u201c der AOK Besuch vom Nikolaus Treffen der Detektive &hellip; <a href=\"https:\/\/grundschule-zewen.de\/?page_id=4443\" class=\"more-link\"><span class=\"screen-reader-text\">Chronik: Fotogalerie im Schuljahr 2019\/2020<\/span> weiterlesen <span class=\"meta-nav\">&rarr;<\/span><\/a><\/p>\n","protected":false},"author":2,"featured_media":0,"parent":0,"menu_order":0,"comment_status":"closed","ping_status":"closed","template":"","meta":{"ngg_post_thumbnail":0},"_links":{"self":[{"href":"https:\/\/grundschule-zewen.de\/index.php?rest_route=\/wp\/v2\/pages\/4443"}],"collection":[{"href":"https:\/\/grundschule-zewen.de\/index.php?rest_route=\/wp\/v2\/pages"}],"about":[{"href":"https:\/\/grundschule-zewen.de\/index.php?rest_route=\/wp\/v2\/types\/page"}],"author":[{"embeddable":true,"href":"https:\/\/grundschule-zewen.de\/index.php?rest_route=\/wp\/v2\/users\/2"}],"replies":[{"embeddable":true,"href":"https:\/\/grundschule-zewen.de\/index.php?rest_route=%2Fwp%2Fv2%2Fcomments&post=4443"}],"version-history":[{"count":27,"href":"https:\/\/grundschule-zewen.de\/index.php?rest_route=\/wp\/v2\/pages\/4443\/revisions"}],"predecessor-version":[{"id":5746,"href":"https:\/\/grundschule-zewen.de\/index.php?rest_route=\/wp\/v2\/pages\/4443\/revisions\/5746"}],"wp:attachment":[{"href":"https:\/\/grundschule-zewen.de\/index.php?rest_route=%2Fwp%2Fv2%2Fmedia&parent=4443"}],"curies":[{"name":"wp","href":"https:\/\/api.w.org\/{rel}","templated":true}]}}