{"id":8,"date":"2018-09-26T08:00:54","date_gmt":"2018-09-26T06:00:54","guid":{"rendered":"http:\/\/grundschule-zewen.de\/?page_id=8"},"modified":"2024-11-08T11:00:29","modified_gmt":"2024-11-08T10:00:29","slug":"schulelternbeirat","status":"publish","type":"page","link":"http:\/\/grundschule-zewen.de\/?page_id=8","title":{"rendered":"Schulelternbeirat"},"content":{"rendered":"<p><strong>F\u00fcr die Schuljahre 2024\/2025 und 2025\/2026 wurden wir im September 2024 zum Schulelternbeirat gew\u00e4hlt.<\/strong><\/p>\n<p>Wenn Sie W\u00fcnsche, Anregungen oder Fragen zum Schulleben in der GS Trier-Zewen haben, k\u00f6nnen Sie sich jederzeit an uns wenden.<br \/>\nSie erreichen uns&nbsp; per E-Mail unter:<strong> <em>SEB[at]Grundschule-Zewen.de .<\/em><br \/>\n<\/strong><\/p>\n<p><strong>&nbsp;<\/strong><strong>Mitglieder:<\/strong><br \/>\n&#8211; Herr Eliseo Monti (Kind in Kl. 2b)<br \/>\n&#8211; Frau Nina Theis (Kinder in Kl. 2b und 4a)<br \/>\n&#8211; Frau Claudia Strei\u00df (Kind in Kl. 4a)<\/p>\n<p><strong>Stellvertreter:<\/strong><br \/>\n&#8211; Frau Kristin Kern (Kind in Kl. 4b)<br \/>\n&#8211; Herr Christoph Abt (Kind in Kl. 1b)<br \/>\n&#8211; Frau Anna Brittner (Kind in Kl. 3a)<\/p>\n<p>Zum <strong>Schulelternsprecher<\/strong> unserer Schule wurde Herr <strong>Eliseo Monti<\/strong> gew\u00e4hlt; zur&nbsp;<strong>stellvertretenden Schulelternsprecherin <\/strong>wurde Frau&nbsp;<strong>Nina Theis<\/strong>&nbsp;gew\u00e4hlt.<\/p>\n<p><span style=\"font-size: revert;\"><br \/>\nViele hilfreiche Informationen zur Elternarbeit und Elternmitwirkung etc. finden Sie auch auf dem <a href=\"https:\/\/eltern.bildung-rp.de\" target=\"_blank\" rel=\"noopener\">Elternportal des Bildungsservers<\/a>.<\/span><\/p>\n","protected":false},"excerpt":{"rendered":"<p>F\u00fcr die Schuljahre 2024\/2025 und 2025\/2026 wurden wir im September 2024 zum Schulelternbeirat gew\u00e4hlt. Wenn Sie W\u00fcnsche, Anregungen oder Fragen zum Schulleben in der GS Trier-Zewen haben, k\u00f6nnen Sie sich jederzeit an uns wenden. Sie erreichen uns&nbsp; per E-Mail unter: SEB[at]Grundschule-Zewen.de . &nbsp;Mitglieder: &#8211; Herr Eliseo Monti (Kind in Kl. 2b) &#8211; Frau Nina Theis &hellip; <a href=\"http:\/\/grundschule-zewen.de\/?page_id=8\" class=\"more-link\"><span class=\"screen-reader-text\">Schulelternbeirat<\/span> weiterlesen <span class=\"meta-nav\">&rarr;<\/span><\/a><\/p>\n","protected":false},"author":1,"featured_media":0,"parent":0,"menu_order":0,"comment_status":"closed","ping_status":"closed","template":"","meta":{"ngg_post_thumbnail":0},"_links":{"self":[{"href":"http:\/\/grundschule-zewen.de\/index.php?rest_route=\/wp\/v2\/pages\/8"}],"collection":[{"href":"http:\/\/grundschule-zewen.de\/index.php?rest_route=\/wp\/v2\/pages"}],"about":[{"href":"http:\/\/grundschule-zewen.de\/index.php?rest_route=\/wp\/v2\/types\/page"}],"author":[{"embeddable":true,"href":"http:\/\/grundschule-zewen.de\/index.php?rest_route=\/wp\/v2\/users\/1"}],"replies":[{"embeddable":true,"href":"http:\/\/grundschule-zewen.de\/index.php?rest_route=%2Fwp%2Fv2%2Fcomments&post=8"}],"version-history":[{"count":12,"href":"http:\/\/grundschule-zewen.de\/index.php?rest_route=\/wp\/v2\/pages\/8\/revisions"}],"predecessor-version":[{"id":8230,"href":"http:\/\/grundschule-zewen.de\/index.php?rest_route=\/wp\/v2\/pages\/8\/revisions\/8230"}],"wp:attachment":[{"href":"http:\/\/grundschule-zewen.de\/index.php?rest_route=%2Fwp%2Fv2%2Fmedia&parent=8"}],"curies":[{"name":"wp","href":"https:\/\/api.w.org\/{rel}","templated":true}]}}