{"id":5840,"date":"2020-10-05T10:44:06","date_gmt":"2020-10-05T08:44:06","guid":{"rendered":"http:\/\/grundschule-zewen.de\/?page_id=5840"},"modified":"2022-09-23T11:00:59","modified_gmt":"2022-09-23T09:00:59","slug":"trierer-schulwegweiser","status":"publish","type":"page","link":"http:\/\/grundschule-zewen.de\/?page_id=5840","title":{"rendered":"Trierer Schulwegweiser"},"content":{"rendered":"\n<figure class=\"wp-block-image\"><img decoding=\"async\" loading=\"lazy\" width=\"723\" height=\"1024\" src=\"http:\/\/grundschule-zewen.de\/wp-content\/uploads\/2022\/09\/Brosch\u00fcre_Grundschule_Was-dann_einfache-Sprache_-Deutsch-723x1024.jpg\" alt=\"\" class=\"wp-image-6681\" srcset=\"http:\/\/grundschule-zewen.de\/wp-content\/uploads\/2022\/09\/Brosch\u00fcre_Grundschule_Was-dann_einfache-Sprache_-Deutsch-723x1024.jpg 723w, http:\/\/grundschule-zewen.de\/wp-content\/uploads\/2022\/09\/Brosch\u00fcre_Grundschule_Was-dann_einfache-Sprache_-Deutsch-212x300.jpg 212w, http:\/\/grundschule-zewen.de\/wp-content\/uploads\/2022\/09\/Brosch\u00fcre_Grundschule_Was-dann_einfache-Sprache_-Deutsch-768x1087.jpg 768w, http:\/\/grundschule-zewen.de\/wp-content\/uploads\/2022\/09\/Brosch\u00fcre_Grundschule_Was-dann_einfache-Sprache_-Deutsch.jpg 1239w\" sizes=\"(max-width: 723px) 100vw, 723px\" \/><\/figure>\n\n\n<ul>\n<li><a href=\"https:\/\/www.trier.de\/File\/trierer-grundschulen.pdf\" target=\"_blank\" rel=\"noopener noreferrer\">Lageplan der Trierer Grundschulen<\/a><\/li>\n<li><a href=\"https:\/\/www.trier.de\/File\/rs-und-rs-plus.pdf\" target=\"_blank\" rel=\"noopener noreferrer\">Lageplan Trierer Realschulen plus<\/a><\/li>\n<li><a href=\"https:\/\/www.trier.de\/File\/hochschulreife.pdf\">Lageplan Trierer Schulen zur Erlangung der Hochschulreife<\/a><\/li>\n<li><a href=\"https:\/\/www.trier.de\/File\/trierer-foerderschulen.pdf\" target=\"_blank\" rel=\"noopener noreferrer\">Lageplan Trierer F\u00f6rderschulen<\/a><\/li>\n<li><a href=\"http:\/\/grundschule-zewen.de\/wp-content\/uploads\/2022\/09\/Grundschulwegweiser_2022-Final.pdf\">Schulwegweiser Trierer Grundschulen 2022<\/a><\/li>\n<li><a href=\"http:\/\/grundschule-zewen.de\/wp-content\/uploads\/2022\/09\/Schulwegweiser-weiterf\u00fchrend-2022_Final-online.pdf\">Schulwegweiser Trierer weiterf\u00fchrende Schulen 2022<\/a><\/li>\n<li><a href=\"http:\/\/grundschule-zewen.de\/wp-content\/uploads\/2022\/09\/Infotage_gesamt_22.pdf\">Informationstage weiterf\u00fchrende Schulen 2022<\/a>\n<p>&nbsp;<\/p>\n<\/li>\n<\/ul>\n\n\n<p style=\"text-align:left\">Online sind alle aktualisierten Schulportraits und die Wegweiser auf der Homepage der Stadt Trier zu finden: <a rel=\"noreferrer noopener\" target=\"_blank\" href=\"https:\/\/www.trier.de\/bildung-wissenschaft\/schulbildung\/\">https:\/\/www.trier.de\/bildung-wissenschaft\/schulbildung\/<\/a><br><br> Die Informationen zum \u00dcbergang Grundschule &#8211; weiterf\u00fchrende Schule stehen in einer Kurzversion auch in anderen Sprachen zur Verf\u00fcgung (Albanisch, Arabisch, Bulgarisch, Englisch, Franz\u00f6sisch, Polnisch, Russisch und Spanisch).<br> Die Ausf\u00fchrungen in den anderen Sprachen finden sie zum Download unter dem folgenden Link: <a rel=\"noreferrer noopener\" target=\"_blank\" href=\"https:\/\/www.trier.de\/bildung-wissenschaft\/schulbildung\/schulanmeldung\/uebergang-grundschule-weiterfuehrende-schule\/\">https:\/\/www.trier.de\/bildung-wissenschaft\/schulbildung\/schulanmeldung\/uebergang-grundschule-weiterfuehrende-schule\/<\/a><\/p>\n","protected":false},"excerpt":{"rendered":"<p>Lageplan der Trierer Grundschulen Lageplan Trierer Realschulen plus Lageplan Trierer Schulen zur Erlangung der Hochschulreife Lageplan Trierer F\u00f6rderschulen Schulwegweiser Trierer Grundschulen 2022 Schulwegweiser Trierer weiterf\u00fchrende Schulen 2022 Informationstage weiterf\u00fchrende Schulen 2022 &nbsp; Online sind alle aktualisierten Schulportraits und die Wegweiser auf der Homepage der Stadt Trier zu finden: https:\/\/www.trier.de\/bildung-wissenschaft\/schulbildung\/ Die Informationen zum \u00dcbergang Grundschule &#8211; &hellip; <a href=\"http:\/\/grundschule-zewen.de\/?page_id=5840\" class=\"more-link\"><span class=\"screen-reader-text\">Trierer Schulwegweiser<\/span> weiterlesen <span class=\"meta-nav\">&rarr;<\/span><\/a><\/p>\n","protected":false},"author":2,"featured_media":0,"parent":0,"menu_order":0,"comment_status":"closed","ping_status":"closed","template":"","meta":{"ngg_post_thumbnail":0},"_links":{"self":[{"href":"http:\/\/grundschule-zewen.de\/index.php?rest_route=\/wp\/v2\/pages\/5840"}],"collection":[{"href":"http:\/\/grundschule-zewen.de\/index.php?rest_route=\/wp\/v2\/pages"}],"about":[{"href":"http:\/\/grundschule-zewen.de\/index.php?rest_route=\/wp\/v2\/types\/page"}],"author":[{"embeddable":true,"href":"http:\/\/grundschule-zewen.de\/index.php?rest_route=\/wp\/v2\/users\/2"}],"replies":[{"embeddable":true,"href":"http:\/\/grundschule-zewen.de\/index.php?rest_route=%2Fwp%2Fv2%2Fcomments&post=5840"}],"version-history":[{"count":4,"href":"http:\/\/grundschule-zewen.de\/index.php?rest_route=\/wp\/v2\/pages\/5840\/revisions"}],"predecessor-version":[{"id":6689,"href":"http:\/\/grundschule-zewen.de\/index.php?rest_route=\/wp\/v2\/pages\/5840\/revisions\/6689"}],"wp:attachment":[{"href":"http:\/\/grundschule-zewen.de\/index.php?rest_route=%2Fwp%2Fv2%2Fmedia&parent=5840"}],"curies":[{"name":"wp","href":"https:\/\/api.w.org\/{rel}","templated":true}]}}