{"id":4372,"date":"2019-08-06T10:10:46","date_gmt":"2019-08-06T08:10:46","guid":{"rendered":"http:\/\/grundschule-zewen.de\/?page_id=4372"},"modified":"2019-08-06T10:10:46","modified_gmt":"2019-08-06T08:10:46","slug":"ich-kann-kochen","status":"publish","type":"page","link":"http:\/\/grundschule-zewen.de\/?page_id=4372","title":{"rendered":"Ich kann kochen!"},"content":{"rendered":"<p><img decoding=\"async\" loading=\"lazy\" class=\"alignnone size-full wp-image-4373\" src=\"http:\/\/grundschule-zewen.de\/wp-content\/uploads\/2019\/08\/Ikako_Partnerlogo2019_sRGB.png\" alt=\"\" width=\"510\" height=\"283\" srcset=\"http:\/\/grundschule-zewen.de\/wp-content\/uploads\/2019\/08\/Ikako_Partnerlogo2019_sRGB.png 510w, http:\/\/grundschule-zewen.de\/wp-content\/uploads\/2019\/08\/Ikako_Partnerlogo2019_sRGB-300x166.png 300w\" sizes=\"(max-width: 510px) 100vw, 510px\" \/><\/p>\n<p>M\u00f6hren sch\u00e4len, Kartoffeln stampfen, Kr\u00e4uter hacken: Bei uns lernen Kinder ab sofort, wie es geht \u2013 und wie viel Spa\u00df das macht! Wir sind Partner-Grundschule der bundesweiten Initiative Ich kann kochen! von der Sarah Wiener Stiftung und der Krankenkasse BARMER.<br \/>\nUnsere Lehrkraft Frau Zeiger wurde in einer Fortbildung fit f\u00fcr das Arbeiten mit Kindern in der K\u00fcche gemacht. Nun ist sie speziell f\u00fcr das p\u00e4dagogische Kochen qualifiziert. Also hei\u00dft es jetzt auch bei uns: Ran an die T\u00f6pfe!&nbsp;<br \/>\nMehr unter:&nbsp; <a href=\"http:\/\/www.ichkannkochen.de\/\" target=\"_blank\" rel=\"noopener\">www.ichkannkochen.de<\/a><\/p>\n","protected":false},"excerpt":{"rendered":"<p>M\u00f6hren sch\u00e4len, Kartoffeln stampfen, Kr\u00e4uter hacken: Bei uns lernen Kinder ab sofort, wie es geht \u2013 und wie viel Spa\u00df das macht! Wir sind Partner-Grundschule der bundesweiten Initiative Ich kann kochen! von der Sarah Wiener Stiftung und der Krankenkasse BARMER. Unsere Lehrkraft Frau Zeiger wurde in einer Fortbildung fit f\u00fcr das Arbeiten mit Kindern in &hellip; <a href=\"http:\/\/grundschule-zewen.de\/?page_id=4372\" class=\"more-link\"><span class=\"screen-reader-text\">Ich kann kochen!<\/span> weiterlesen <span class=\"meta-nav\">&rarr;<\/span><\/a><\/p>\n","protected":false},"author":2,"featured_media":0,"parent":0,"menu_order":0,"comment_status":"closed","ping_status":"closed","template":"","meta":{"ngg_post_thumbnail":0},"_links":{"self":[{"href":"http:\/\/grundschule-zewen.de\/index.php?rest_route=\/wp\/v2\/pages\/4372"}],"collection":[{"href":"http:\/\/grundschule-zewen.de\/index.php?rest_route=\/wp\/v2\/pages"}],"about":[{"href":"http:\/\/grundschule-zewen.de\/index.php?rest_route=\/wp\/v2\/types\/page"}],"author":[{"embeddable":true,"href":"http:\/\/grundschule-zewen.de\/index.php?rest_route=\/wp\/v2\/users\/2"}],"replies":[{"embeddable":true,"href":"http:\/\/grundschule-zewen.de\/index.php?rest_route=%2Fwp%2Fv2%2Fcomments&post=4372"}],"version-history":[{"count":1,"href":"http:\/\/grundschule-zewen.de\/index.php?rest_route=\/wp\/v2\/pages\/4372\/revisions"}],"predecessor-version":[{"id":4374,"href":"http:\/\/grundschule-zewen.de\/index.php?rest_route=\/wp\/v2\/pages\/4372\/revisions\/4374"}],"wp:attachment":[{"href":"http:\/\/grundschule-zewen.de\/index.php?rest_route=%2Fwp%2Fv2%2Fmedia&parent=4372"}],"curies":[{"name":"wp","href":"https:\/\/api.w.org\/{rel}","templated":true}]}}