{"id":4335,"date":"2019-07-01T17:11:03","date_gmt":"2019-07-01T15:11:03","guid":{"rendered":"http:\/\/grundschule-zewen.de\/?page_id=4335"},"modified":"2019-07-01T17:39:06","modified_gmt":"2019-07-01T15:39:06","slug":"www-schulengel-de","status":"publish","type":"page","link":"http:\/\/grundschule-zewen.de\/?page_id=4335","title":{"rendered":"www.schulengel.de"},"content":{"rendered":"<p><strong>Verwandeln Sie Ihre Eink\u00e4ufe in eine gute Tat<br \/>\n<\/strong><a href=\"http:\/\/www.schulengel.de\"><img decoding=\"async\" loading=\"lazy\" class=\"aligncenter wp-image-4339 size-full\" src=\"http:\/\/grundschule-zewen.de\/wp-content\/uploads\/2019\/07\/schulengel-banner-385x120.png\" alt=\"\" width=\"385\" height=\"120\" srcset=\"http:\/\/grundschule-zewen.de\/wp-content\/uploads\/2019\/07\/schulengel-banner-385x120.png 385w, http:\/\/grundschule-zewen.de\/wp-content\/uploads\/2019\/07\/schulengel-banner-385x120-300x94.png 300w\" sizes=\"(max-width: 385px) 100vw, 385px\" \/><\/a>Sammeln Sie beim Online-Shopping Spenden f\u00fcr den F\u00f6rderverein unserer Schule &#8211; ganz ohne Mehrkosten.<\/p>\n<p>Starten Sie Ihre Eink\u00e4ufe in Zukunft \u00fcber <a href=\"http:\/\/www.schulengel.de\" target=\"_blank\" rel=\"noopener\"><strong>www.schulengel.de<\/strong><\/a> und sichern Sie dem F\u00f6rderverein unserer Schule eine Spende von bis zu 10% des Einkaufswertes. F\u00fcr Sie sind das nur ein paar Klicks &#8211; f\u00fcr unseren F\u00f6rderverein ist es bares Geld!<\/p>\n<p><a href=\"http:\/\/grundschule-zewen.de\/wp-content\/uploads\/2019\/07\/Schulengel.pdf\">Hier<\/a> erfahren Sie, wie www.schulengel.de funktioniert.<br \/>\n<a href=\"https:\/\/www.schulengel.de\/einrichtungen\/details\/12150-foerderverein-der-grundschule-trier-zewen-ev\" target=\"_blank\" rel=\"noopener\">Hier<\/a> sehen Sie den aktuellen Pr\u00e4mienstand unserer Schule.<a href=\"http:\/\/www.schulengel.de\"><img decoding=\"async\" loading=\"lazy\" class=\"aligncenter wp-image-4338 size-full\" src=\"http:\/\/grundschule-zewen.de\/wp-content\/uploads\/2019\/07\/banner-se_Banner-300x250-A.png\" alt=\"\" width=\"300\" height=\"250\"><\/a><\/p>\n","protected":false},"excerpt":{"rendered":"<p>Verwandeln Sie Ihre Eink\u00e4ufe in eine gute Tat Sammeln Sie beim Online-Shopping Spenden f\u00fcr den F\u00f6rderverein unserer Schule &#8211; ganz ohne Mehrkosten. Starten Sie Ihre Eink\u00e4ufe in Zukunft \u00fcber www.schulengel.de und sichern Sie dem F\u00f6rderverein unserer Schule eine Spende von bis zu 10% des Einkaufswertes. F\u00fcr Sie sind das nur ein paar Klicks &#8211; f\u00fcr &hellip; <a href=\"http:\/\/grundschule-zewen.de\/?page_id=4335\" class=\"more-link\"><span class=\"screen-reader-text\">www.schulengel.de<\/span> weiterlesen <span class=\"meta-nav\">&rarr;<\/span><\/a><\/p>\n","protected":false},"author":2,"featured_media":0,"parent":0,"menu_order":0,"comment_status":"closed","ping_status":"closed","template":"","meta":{"ngg_post_thumbnail":0},"_links":{"self":[{"href":"http:\/\/grundschule-zewen.de\/index.php?rest_route=\/wp\/v2\/pages\/4335"}],"collection":[{"href":"http:\/\/grundschule-zewen.de\/index.php?rest_route=\/wp\/v2\/pages"}],"about":[{"href":"http:\/\/grundschule-zewen.de\/index.php?rest_route=\/wp\/v2\/types\/page"}],"author":[{"embeddable":true,"href":"http:\/\/grundschule-zewen.de\/index.php?rest_route=\/wp\/v2\/users\/2"}],"replies":[{"embeddable":true,"href":"http:\/\/grundschule-zewen.de\/index.php?rest_route=%2Fwp%2Fv2%2Fcomments&post=4335"}],"version-history":[{"count":8,"href":"http:\/\/grundschule-zewen.de\/index.php?rest_route=\/wp\/v2\/pages\/4335\/revisions"}],"predecessor-version":[{"id":4347,"href":"http:\/\/grundschule-zewen.de\/index.php?rest_route=\/wp\/v2\/pages\/4335\/revisions\/4347"}],"wp:attachment":[{"href":"http:\/\/grundschule-zewen.de\/index.php?rest_route=%2Fwp%2Fv2%2Fmedia&parent=4335"}],"curies":[{"name":"wp","href":"https:\/\/api.w.org\/{rel}","templated":true}]}}