{"id":32,"date":"2017-05-09T18:54:28","date_gmt":"2017-05-09T18:54:28","guid":{"rendered":"http:\/\/grundschule-zewen.de\/?page_id=32"},"modified":"2018-09-28T10:03:37","modified_gmt":"2018-09-28T08:03:37","slug":"impressum","status":"publish","type":"page","link":"http:\/\/grundschule-zewen.de\/?page_id=32","title":{"rendered":"Impressum"},"content":{"rendered":"<div>\n<h1>Impressum<\/h1>\n<h2>Angaben gem\u00e4\u00df \u00a7 5 TMG:<\/h2>\n<p>Grundschule Trier-Zewen<br \/>\nFr\u00f6belstra\u00dfe 7<br \/>\n54294 Trier-Zewen<\/p>\n<h2>Vertreten durch:<\/h2>\n<p>Gunther Butschan, Rektor<br \/>\nSchulleiter<\/p>\n<h2>Kontakt:<\/h2>\n<div>\n<table width=\"323\">\n<tbody>\n<tr>\n<td>Telefon:<\/td>\n<td>0651 &#8211; 8 57 76<\/td>\n<\/tr>\n<tr>\n<td>Telefax:<\/td>\n<td>0651 &#8211; 9 98 28 15<\/td>\n<\/tr>\n<tr>\n<td>E-Mail:<\/td>\n<td><span id=\"cloak50218\">Schulleitung[at]grundschule-zewen.de<\/span><\/td>\n<\/tr>\n<\/tbody>\n<\/table>\n<\/div>\n<h2>Aufsichtsbeh\u00f6rde:<\/h2>\n<p>Aufsichts- und Dienstleistungsdirektion Trier<\/p>\n<p><strong>Haftungsausschluss (Disclaimer)<br \/>\n<\/strong>Bitte beachten Sie die wichtigen rechtlichen Hinweise zu den Inhalten des Onlineangebotes, zu Verweisen bzw. externe Linke zum Urheberrecht.<strong>&nbsp;<\/strong><\/p>\n<ol>\n<li><strong> Inhalt des Onlineangebotes<br \/>\n<\/strong>Die Inhalte unserer Schulhomepage <em>www.grundschule-zewen.de<\/em> sollen Ihnen den Zugang zu Informationen \u00fcber unsere Schule erleichtern und ein zutreffendes Bild von den T\u00e4tigkeiten, Aktivit\u00e4ten und dem Leben der Grundschule <em>Trier-Zewen<\/em> sowie der dort befindlichen Sch\u00fclerinnen und Sch\u00fcler vermitteln.<br \/>\nAuf die Richtigkeit, Aktualit\u00e4t, Vollst\u00e4ndigkeit, Verst\u00e4ndlichkeit und Verf\u00fcgbarkeit der bereitgestellten Informationen wird zwar sehr sorgf\u00e4ltig geachtet, dennoch \u00fcbernimmt die Grundschule <em>Trier-Zewen<\/em> keinerlei Gew\u00e4hr f\u00fcr die Richtigkeit, Vollst\u00e4ndigkeit, Verf\u00fcgbarkeit oder Aktualit\u00e4t der bereitgestellten Inhalte.<br \/>\nDie Grundschule <em>Trier-Zewen<\/em> haftet nicht f\u00fcr Sch\u00e4den materieller oder immaterieller Art, die durch die Nutzung oder Nichtnutzung angebotener Informationen oder dieses Internetangebots entstehen. F\u00fcr etwaige Sch\u00e4den, die beim Aufrufen oder Herunterladen von Daten durch Schadsoftware oder der Installation oder Nutzung von Software verursacht werden, wird nicht gehaftet, sofern seitens der Schule kein nachweislich vors\u00e4tzliches oder grob fahrl\u00e4ssiges Verschulden vorliegt. Ein Vertragsverh\u00e4ltnis mit den Nutzern des Internetangebots kommt nicht zustande.<br \/>\nAlle Angebote sind freibleibend und unverbindlich. Die Grundschule <em>Trier-Zewen <\/em>beh\u00e4lt es sich ausdr\u00fccklich vor, Teile der Seiten oder das gesamte Angebot ohne gesonderte Ank\u00fcndigung zu ver\u00e4ndern, zu erg\u00e4nzen, zu l\u00f6schen oder die Ver\u00f6ffentlichung zeitweise oder endg\u00fcltig einzustellen.<\/li>\n<\/ol>\n<ol start=\"2\">\n<li><strong> Inhalte anderweitiger Anbieter (Verweise und externe Links):<br \/>\n<\/strong>Die auf diesen Seiten evtl. vorhandenen direkten oder indirekten Verweise (\u201cLinks\u201c) zu Inhalten von Internetseiten Dritter (&#8222;fremden Inhalten&#8220;) wurden durch die Grundschule <em>Trier-Zewen <\/em>nach bestem Wissen und unter Beachtung gr\u00f6\u00dftm\u00f6glicher Sorgfalt erstellt und vermitteln lediglich den Zugang zu &#8222;fremden Inhalten&#8220;. Dabei wurde auf die Vertrauensw\u00fcrdigkeit dritter Anbieter und die Fehlerfreiheit sowie Rechtm\u00e4\u00dfigkeit der &#8222;fremden Inhalte&#8220; besonders geachtet.<br \/>\nDa jedoch der Inhalt von Internetseiten dynamisch ist und sich jederzeit \u00e4ndern kann, ist eine stetige Einzelfallpr\u00fcfung s\u00e4mtlicher Inhalte, auf die ein Verweis oder externer Link erstellt wurde, nicht in jedem Fall m\u00f6glich. Die Grundschule <em>Trier-Zewen <\/em>macht sich deshalb den Inhalt von Internetseiten Dritter, die mit der eigenen Internetpr\u00e4senz verlinkt sind, insoweit ausdr\u00fccklich nicht zu eigen.<br \/>\nF\u00fcr Sch\u00e4den aus der Nutzung oder Nichtnutzung &#8222;fremder Inhalte&#8220; haftet ausschlie\u00dflich der jeweilige Anbieter der Seite, auf die verwiesen wurde.<\/li>\n<\/ol>\n<ol start=\"3\">\n<li><strong> Urheberrecht:<br \/>\n<\/strong>Alle Inhalte und Strukturen dieser Website sind urheberrechtlich gesch\u00fctzt. Die Ver\u00f6ffentlichung im World Wide Web oder in sonstigen Diensten des Internet bedeutet noch keine Einverst\u00e4ndniserkl\u00e4rung f\u00fcr eine anderweitige Nutzung durch Dritte. Die anderweitige Nutzung des hier bereitgestellten Informationsmaterials \u00fcber die Schule ist daher nicht zul\u00e4ssig. Auf den Webseiten zur Verf\u00fcgung gestellte Texte, Textteile, Grafiken, Tabellen sowie Ton-, Video- oder Bildmaterialien von Sch\u00fclerinnen und Sch\u00fcler oder Lehrkr\u00e4fte der Schule, d\u00fcrfen ohne vorherige Zustimmung der Grundschule <em>Trier-Zewen <\/em>nicht vervielf\u00e4ltigt, nicht verbreitet und nicht ausgestellt werden.<strong>&nbsp;<\/strong><\/li>\n<\/ol>\n<ol start=\"4\">\n<li><strong> Datenschutz<br \/>\n<\/strong>Die Nutzung der im Rahmen des Impressums oder vergleichbarer Angaben ver\u00f6ffentlichten Kontaktdaten wie Postanschriften, Telefon- und Faxnummern sowie Emailadressen durch Dritte zur \u00dcbersendung von nicht ausdr\u00fccklich angeforderten Informationen oder Werbung ist nicht gestattet. Rechtliche Schritte gegen die Versender von sogenannten Spam-Mails bei Verst\u00f6\u00dfen gegen dieses Verbot sind ausdr\u00fccklich vorbehalten.<strong>&nbsp;<\/strong><\/li>\n<\/ol>\n<ol start=\"5\">\n<li><strong> Rechtswirksamkeit dieses Haftungsausschlusses<br \/>\n<\/strong>Dieser Haftungsausschluss ist als Teil des Internetangebotes zu betrachten, von dem aus auf diese Seite verwiesen wurde. Sofern Teile oder einzelne Formulierungen dieses Textes der geltenden Rechtslage nicht, nicht mehr oder nicht vollst\u00e4ndig entsprechen sollten, bleiben die \u00fcbrigen Teile des Dokumentes in ihrem Inhalt und ihrer G\u00fcltigkeit davon unber\u00fchrt.<strong>&nbsp;<\/strong><\/li>\n<\/ol>\n<p><strong>Fehlermeldungen:<br \/>\n<\/strong>Die Grundschule <em>Trier-Zewen<\/em> bittet die Nutzer von <em>www.grundschule-zewen.de<\/em>, auf rechtswidrige oder fehlerhafte Inhalte Dritter, zu denen in der Internetpr\u00e4senz ein Link unterhalten wird, ggf. aufmerksam zu machen. Ebenso wird um eine Nachricht unter der angegebenen Kontaktadresse gebeten, wenn eigene Inhalte nicht fehlerfrei, aktuell, vollst\u00e4ndig, verf\u00fcgbar oder verst\u00e4ndlich sind.<\/p>\n<\/div>\n","protected":false},"excerpt":{"rendered":"<p>Impressum Angaben gem\u00e4\u00df \u00a7 5 TMG: Grundschule Trier-Zewen Fr\u00f6belstra\u00dfe 7 54294 Trier-Zewen Vertreten durch: Gunther Butschan, Rektor Schulleiter Kontakt: Telefon: 0651 &#8211; 8 57 76 Telefax: 0651 &#8211; 9 98 28 15 E-Mail: Schulleitung[at]grundschule-zewen.de Aufsichtsbeh\u00f6rde: Aufsichts- und Dienstleistungsdirektion Trier Haftungsausschluss (Disclaimer) Bitte beachten Sie die wichtigen rechtlichen Hinweise zu den Inhalten des Onlineangebotes, zu Verweisen &hellip; <a href=\"http:\/\/grundschule-zewen.de\/?page_id=32\" class=\"more-link\"><span class=\"screen-reader-text\">Impressum<\/span> weiterlesen <span class=\"meta-nav\">&rarr;<\/span><\/a><\/p>\n","protected":false},"author":1,"featured_media":0,"parent":0,"menu_order":0,"comment_status":"closed","ping_status":"closed","template":"","meta":{"ngg_post_thumbnail":0},"_links":{"self":[{"href":"http:\/\/grundschule-zewen.de\/index.php?rest_route=\/wp\/v2\/pages\/32"}],"collection":[{"href":"http:\/\/grundschule-zewen.de\/index.php?rest_route=\/wp\/v2\/pages"}],"about":[{"href":"http:\/\/grundschule-zewen.de\/index.php?rest_route=\/wp\/v2\/types\/page"}],"author":[{"embeddable":true,"href":"http:\/\/grundschule-zewen.de\/index.php?rest_route=\/wp\/v2\/users\/1"}],"replies":[{"embeddable":true,"href":"http:\/\/grundschule-zewen.de\/index.php?rest_route=%2Fwp%2Fv2%2Fcomments&post=32"}],"version-history":[{"count":4,"href":"http:\/\/grundschule-zewen.de\/index.php?rest_route=\/wp\/v2\/pages\/32\/revisions"}],"predecessor-version":[{"id":3607,"href":"http:\/\/grundschule-zewen.de\/index.php?rest_route=\/wp\/v2\/pages\/32\/revisions\/3607"}],"wp:attachment":[{"href":"http:\/\/grundschule-zewen.de\/index.php?rest_route=%2Fwp%2Fv2%2Fmedia&parent=32"}],"curies":[{"name":"wp","href":"https:\/\/api.w.org\/{rel}","templated":true}]}}