{"id":2082,"date":"2017-09-07T14:16:18","date_gmt":"2017-09-07T12:16:18","guid":{"rendered":"http:\/\/grundschule-zewen.de\/?page_id=2082"},"modified":"2021-10-14T13:06:06","modified_gmt":"2021-10-14T11:06:06","slug":"mittagessen-speiseplan","status":"publish","type":"page","link":"http:\/\/grundschule-zewen.de\/?page_id=2082","title":{"rendered":"Mittagessen &#038; Speiseplan"},"content":{"rendered":"<p>Das Mittagessen wird an unserer Schule von <a href=\"https:\/\/franks-partyservice.de\/schulessen\/\" target=\"_blank\" rel=\"noopener noreferrer\">Frank&#8217;s Partyservice <\/a>geliefert. Die Essensausgabe erfolgt durch unsere freundlichen, erfahrenen und geschulten Ausgabekr\u00e4fte, Frau Carmen Horst und Frau Natalia Rosinska.<br \/>\n<img decoding=\"async\" loading=\"lazy\" class=\"alignnone wp-image-3368\" src=\"http:\/\/grundschule-zewen.de\/wp-content\/uploads\/2017\/09\/Franks-Partyservice.png\" alt=\"\" width=\"259\" height=\"202\"><br \/>\nUnsere Schule hat am <a href=\"http:\/\/www.dlr.rlp.de\/Internet\/global\/inetcntr.nsf\/dlr_web_full.xsp?src=E23TFNY9Q4&amp;p1=title%3DQualifizierungsprozess+f%C3%BCr+die+Schulverpflegung+%28Flyer%29%7E%7Eurl%3D%2FInternet%2Fglobal%2Fthemen.nsf%2F0%2F2E7D1307B032211FC1258148002DBC14%3FOpenDocument&amp;p3=KTT12Z5OJJ&amp;p4=FE734H1W1Y\" target=\"_blank\" rel=\"noopener noreferrer\">Qualifizierungsprozess f\u00fcr die Schulverpflegung <\/a>des DRL (Dienstleistungszentrum L\u00e4ndlicher Raum) teilgenommen.<br \/>\nHierbei ist es uns gelungen, alle Anforderungen im ersten Qualit\u00e4tsbereich \u201eVerpflegung\u201c zu erf\u00fcllen. Daf\u00fcr haben wir die <a href=\"http:\/\/grundschule-zewen.de\/wp-content\/uploads\/2018\/04\/Xerox-Scan_010.pdf\" target=\"_blank\" rel=\"noopener noreferrer\">Urkunde mit dem ersten Stern<\/a>&nbsp; vom Ministerium f\u00fcr Umwelt, Energie, Ern\u00e4hrung und Forsten erhalten.<br \/>\nAuch die Anforderungen im zweiten Qualit\u00e4tsbereich &#8222;Rahmenbedingungen&#8220; konnten wir erf\u00fcllen. Daf\u00fcr haben wir die <a href=\"http:\/\/grundschule-zewen.de\/wp-content\/uploads\/2017\/09\/Urkunde-2.-Stern-Schulverpflegung.pdf\" target=\"_blank\" rel=\"noopener noreferrer\">Urkunde mit dem zweiten Stern<\/a> vom Ministerium f\u00fcr Umwelt, Energie, Ern\u00e4hrung und Forsten erhalten.<br \/>\nIm Fortgang des Prozesses haben wir uns &nbsp;auf den Weg zum dritten Stern gemacht. Dabei geht es um den Qualit\u00e4tsbereich &#8222;Verpflegungskonzept&#8220;. Leider konnte dieser Prozess nicht abgeschlossen werden, weil die zur Verf\u00fcgung stehende Zeit von nur zwei Jahren durch einen Catererwechsel nicht ausreichend war.<br \/>\nAuch sonst begleitet uns auch weiterhin das Thema \u201eErn\u00e4hrung\u201c noch in vielf\u00e4ltiger Weise an unserer Schule.<br \/>\nUnser ganz besonderer Dank gilt an dieser Stelle auch Frau Heckmann, unserer Verpflegungsbeauftragten, die engagiert den Qualifizierungsprozess an unserer Schule begleitet und vorangebracht hat.<\/p>\n<p>Die Sch\u00fclerinnen und Sch\u00fcler k\u00f6nnen teilweise zwischen zwei Men\u00fcs w\u00e4hlen.<\/p>\n<p>Den aktuellen Speiseplan finden Sie in der Regel in unserer <a href=\"http:\/\/grundschule-zewen.de\/?page_id=4072\" target=\"_blank\" rel=\"noopener noreferrer\">Sdui-App <\/a>oder auf der Seite von <a href=\"https:\/\/franks-partyservice.de\/schulessen\/\">Frank&#8217;s Partyservice<\/a>.<\/p>\n","protected":false},"excerpt":{"rendered":"<p>Das Mittagessen wird an unserer Schule von Frank&#8217;s Partyservice geliefert. Die Essensausgabe erfolgt durch unsere freundlichen, erfahrenen und geschulten Ausgabekr\u00e4fte, Frau Carmen Horst und Frau Natalia Rosinska. Unsere Schule hat am Qualifizierungsprozess f\u00fcr die Schulverpflegung des DRL (Dienstleistungszentrum L\u00e4ndlicher Raum) teilgenommen. Hierbei ist es uns gelungen, alle Anforderungen im ersten Qualit\u00e4tsbereich \u201eVerpflegung\u201c zu erf\u00fcllen. Daf\u00fcr &hellip; <a href=\"http:\/\/grundschule-zewen.de\/?page_id=2082\" class=\"more-link\"><span class=\"screen-reader-text\">Mittagessen &#038; Speiseplan<\/span> weiterlesen <span class=\"meta-nav\">&rarr;<\/span><\/a><\/p>\n","protected":false},"author":2,"featured_media":0,"parent":0,"menu_order":0,"comment_status":"closed","ping_status":"closed","template":"page-templates\/full-width.php","meta":{"ngg_post_thumbnail":0},"_links":{"self":[{"href":"http:\/\/grundschule-zewen.de\/index.php?rest_route=\/wp\/v2\/pages\/2082"}],"collection":[{"href":"http:\/\/grundschule-zewen.de\/index.php?rest_route=\/wp\/v2\/pages"}],"about":[{"href":"http:\/\/grundschule-zewen.de\/index.php?rest_route=\/wp\/v2\/types\/page"}],"author":[{"embeddable":true,"href":"http:\/\/grundschule-zewen.de\/index.php?rest_route=\/wp\/v2\/users\/2"}],"replies":[{"embeddable":true,"href":"http:\/\/grundschule-zewen.de\/index.php?rest_route=%2Fwp%2Fv2%2Fcomments&post=2082"}],"version-history":[{"count":118,"href":"http:\/\/grundschule-zewen.de\/index.php?rest_route=\/wp\/v2\/pages\/2082\/revisions"}],"predecessor-version":[{"id":6143,"href":"http:\/\/grundschule-zewen.de\/index.php?rest_route=\/wp\/v2\/pages\/2082\/revisions\/6143"}],"wp:attachment":[{"href":"http:\/\/grundschule-zewen.de\/index.php?rest_route=%2Fwp%2Fv2%2Fmedia&parent=2082"}],"curies":[{"name":"wp","href":"https:\/\/api.w.org\/{rel}","templated":true}]}}