{"id":2043,"date":"2017-09-07T13:27:33","date_gmt":"2017-09-07T11:27:33","guid":{"rendered":"http:\/\/grundschule-zewen.de\/?page_id=2043"},"modified":"2022-08-24T10:54:04","modified_gmt":"2022-08-24T08:54:04","slug":"grundlegende-informationen","status":"publish","type":"page","link":"http:\/\/grundschule-zewen.de\/?page_id=2043","title":{"rendered":"Grundlegende Informationen"},"content":{"rendered":"<p><strong>Raumplan<br \/>\n<\/strong><a href=\"http:\/\/grundschule-zewen.de\/wp-content\/uploads\/2022\/08\/Raumplan-Zewen-Schuljahr-2022-23.pdf\">Hier<\/a> gelangen Sie zum Raumplan unserer Schule im Schuljahr 2022\/2023. Die Klassen 2a und 2b wurden im Turnhallengeb\u00e4ude unserer Schule untergebracht, um die Abst\u00e4nde m\u00f6glichst gut einhalten zu k\u00f6nnen. Dieser Geb\u00e4udeteil ist nicht auf dem Raumplan abgebildet.<\/p>\n<p><strong>Aufsicht vor Schulbeginn<br \/>\n<\/strong>Wir machen darauf aufmerksam, dass die Kinder, die morgens schon etwas fr\u00fcher zur Schule kommen, erst ab 7.45 Uhr beaufsichtigt werden.<\/p>\n<p><strong>Unterrichtszeiten<img decoding=\"async\" loading=\"lazy\" class=\" wp-image-2053 alignright\" src=\"http:\/\/grundschule-zewen.de\/wp-content\/uploads\/2017\/09\/ABC.png\" alt=\"\" width=\"197\" height=\"163\" srcset=\"http:\/\/grundschule-zewen.de\/wp-content\/uploads\/2017\/09\/ABC.png 911w, http:\/\/grundschule-zewen.de\/wp-content\/uploads\/2017\/09\/ABC-300x247.png 300w, http:\/\/grundschule-zewen.de\/wp-content\/uploads\/2017\/09\/ABC-768x633.png 768w\" sizes=\"(max-width: 197px) 100vw, 197px\" \/><br \/>\n<\/strong>Der Schulhof wird in der Regel ab 7.30 Uhr ge\u00f6ffnet. <span style=\"color: #ff6600;\"><br \/>\n<\/span>Eine Fr\u00fchaufsicht steht ab 7.45 Uhr auf dem Schulhof bereit.<br \/>\nUm 7.55 Uhr schellt es zum ersten Mal; dann sollten sich die Kinder paarweise&nbsp;auf dem Schulhof vor den Geb\u00e4ude-Eing\u00e4ngen aufstellen.<br \/>\nDer weitere Tagesverlauf sieht wie folgt aus:<br \/>\n\n<table id=\"tablepress-5\" class=\"tablepress tablepress-id-5\">\n<thead>\n<tr class=\"row-1 odd\">\n\t<th colspan=\"2\" class=\"column-1\">Unterrichts- und Pausenzeiten<\/th>\n<\/tr>\n<\/thead>\n<tbody class=\"row-hover\">\n<tr class=\"row-2 even\">\n\t<td class=\"column-1\">1. Stunde<\/td><td class=\"column-2\">8.00 - 8.50 Uhr<\/td>\n<\/tr>\n<tr class=\"row-3 odd\">\n\t<td class=\"column-1\">kurze Pause (5 Min.)<\/td><td class=\"column-2\">8.50 - 8.55 Uhr<\/td>\n<\/tr>\n<tr class=\"row-4 even\">\n\t<td class=\"column-1\">2. Stunde<\/td><td class=\"column-2\">8.55 - 9.40 Uhr<\/td>\n<\/tr>\n<tr class=\"row-5 odd\">\n\t<td class=\"column-1\">Fr\u00fchst\u00fcckspause<\/td><td class=\"column-2\">9.40 - 9.55 Uhr<\/td>\n<\/tr>\n<tr class=\"row-6 even\">\n\t<td class=\"column-1\">gro\u00dfe Pause (1)<\/td><td class=\"column-2\">9.55 - 10.10 Uhr<\/td>\n<\/tr>\n<tr class=\"row-7 odd\">\n\t<td class=\"column-1\">3. Stunde<\/td><td class=\"column-2\">10.10 - 11.00 Uhr<\/td>\n<\/tr>\n<tr class=\"row-8 even\">\n\t<td class=\"column-1\">gro\u00dfe Pause (2)<\/td><td class=\"column-2\">11.00 - 11.10 Uhr<\/td>\n<\/tr>\n<tr class=\"row-9 odd\">\n\t<td class=\"column-1\">4. Stunde *<\/td><td class=\"column-2\">11.10 - 12.00 Uhr<\/td>\n<\/tr>\n<tr class=\"row-10 even\">\n\t<td class=\"column-1\">gro\u00dfe Pause (3)<\/td><td class=\"column-2\">12.00 - 12.10 Uhr<\/td>\n<\/tr>\n<tr class=\"row-11 odd\">\n\t<td class=\"column-1\">5. Stunde **<\/td><td class=\"column-2\">12.10 -13.00 Uhr<\/td>\n<\/tr>\n<tr class=\"row-12 even\">\n\t<td colspan=\"2\" class=\"column-1\">* Unterrichtsende f\u00fcr die Klassen 1 und 2 um 12.00 Uhr, anschl. ggf. Ganztagsschule<\/td>\n<\/tr>\n<tr class=\"row-13 odd\">\n\t<td colspan=\"2\" class=\"column-1\">**: nur 3. und 4. Klasse, freitags auch 2. Klasse [AGs]<\/td>\n<\/tr>\n<\/tbody>\n<\/table>\n<!-- #tablepress-5 from cache --><\/p>\n<p><strong>Nach dem Ende der Ganztagsschule (16.00 Uhr) findet auf dem Schulgel\u00e4nde keine Aufsicht mehr statt.<\/strong><br \/>\nDer Umfang der von der Schule zu leistenden Aufsicht ist in einer Verwaltungsvorschrift bzw. einem Gemeinsamen Amtsblatt wie folgt geregelt:<br \/>\n\u201e[\u2026] Eine Aufsichtsf\u00fchrung ca. 15 Minuten vor Beginn der ersten Unterrichtsstunde ist im Allgemeinen ausreichend. Sie endet f\u00fcr die Sch\u00fclerinnen und Sch\u00fcler mit dem Verlassen des Schulgrundst\u00fccks im Anschluss an die Beendigung des Unterrichts. Wird der t\u00e4gliche Schulbetrieb beendet, findet eine schulische Aufsicht auf dem Schulgrundst\u00fcck nicht mehr statt. [\u2026]\u201c<br \/>\nDa der t\u00e4gliche Schulbetrieb bei uns montags bis donnerstags um 16.00 Uhr beendet wird, findet dementsprechend ab 16.00 Uhr keine Aufsicht mehr statt.<\/p>\n<p><strong>Fr\u00fchst\u00fcck<\/strong><img decoding=\"async\" loading=\"lazy\" class=\" wp-image-2061 alignright\" src=\"http:\/\/grundschule-zewen.de\/wp-content\/uploads\/2017\/09\/Fr\u00fchst\u00fcck.png\" alt=\"\" width=\"180\" height=\"145\" srcset=\"http:\/\/grundschule-zewen.de\/wp-content\/uploads\/2017\/09\/Fr\u00fchst\u00fcck.png 571w, http:\/\/grundschule-zewen.de\/wp-content\/uploads\/2017\/09\/Fr\u00fchst\u00fcck-300x242.png 300w\" sizes=\"(max-width: 180px) 100vw, 180px\" \/><br \/>\nDie Kinder fr\u00fchst\u00fccken weiterhin gemeinsam mit einer Lehrkraft im Klassenzimmer. Bitte geben Sie Ihrem Kind hierf\u00fcr ein gesundes Fr\u00fchst\u00fcck mit in die Schule, z.B. ein Brot, etwas Obst und ein Getr\u00e4nk (zuckerfrei).<br \/>\nZus\u00e4tzlich zum mitgebrachten Fr\u00fchst\u00fcck bekommen die Kinder einmal w\u00f6chentlich Obst im Rahmen des europ\u00e4ischen Schulobstprogramms; d.h.: jede Klasse bekommt eine Kiste Obst, die vom Land Rheinland-Pfalz finanziert und f\u00fcr unsere Schule von <a href=\"https:\/\/www.fruiton.de\/obstkoerbe-co\/schulen-kitas\">Fruiton aus K\u00f6ln<\/a> geliefert wird.<\/p>\n<p><strong>Krankheiten<\/strong><img decoding=\"async\" loading=\"lazy\" class=\" wp-image-2055 alignright\" src=\"http:\/\/grundschule-zewen.de\/wp-content\/uploads\/2017\/09\/Krank.jpg\" alt=\"\" width=\"176\" height=\"118\" srcset=\"http:\/\/grundschule-zewen.de\/wp-content\/uploads\/2017\/09\/Krank.jpg 800w, http:\/\/grundschule-zewen.de\/wp-content\/uploads\/2017\/09\/Krank-300x200.jpg 300w, http:\/\/grundschule-zewen.de\/wp-content\/uploads\/2017\/09\/Krank-768x513.jpg 768w\" sizes=\"(max-width: 176px) 100vw, 176px\" \/><br \/>\nF\u00fcr unsere Schule gilt der Grundsatz, dass <em>kranke<\/em> Kinder die Einrichtung nicht besuchen d\u00fcrfen. Dies dient sowohl dem Schutz der anderen Kinder, die bei uns unterrichtet werden, als auch dem Schutz unserer Lehrerinnen und Lehrer.<br \/>\nDeshalb bitten wir Sie, diese Regeln zu beachten:<br \/>\n1. Kinder, die ein Krankheitssymptom zeigen, d\u00fcrfen nicht in die Schule gebracht werden. Als Krankheit gelten besonders grippale Infekte, Fieber, Magen-Darm-Erkrankungen und Bindehautentz\u00fcndungen sowie Infektionskrankheiten (R\u00f6teln, Mumps, Masern, Scharlach).<br \/>\n2. Bringen Sie Ihr Kind bitte erst dann wieder in die Einrichtung, wenn es vollst\u00e4ndig gesund ist und f\u00fcr andere keine Ansteckungsgefahr mehr besteht. Hier gilt die 24-Stunden-Regel. Ihr Kind sollte 24 Stunden fieberfrei sein bzw. keine Magen-Darm-Symptome mehr zeigen.<br \/>\n3. Wird ein Kind in der Schule krank, informiert die Schule die Eltern, damit das Kind ggf. abgeholt werden kann. Deswegen ist die <a href=\"http:\/\/grundschule-zewen.de\/wp-content\/uploads\/2021\/10\/Notfall-Vordruck-1.pdf\" target=\"_blank\" rel=\"noopener noreferrer\">korrekte Angabe der aktuellen Notfallnummern<\/a> sehr wichtig!&nbsp;<br \/>\n4. Das Krankmelden Ihres Kindes muss bereits am ersten Tag stattfinden. Ist ein Kind krank, m\u00fcssen die Eltern vor Unterrichtsbeginn (bis 7.55 Uhr) die Schule informieren (telefonisch \u00fcber 0651-85776). Eine begr\u00fcndete schriftliche Entschuldigung ist in jedem Fall nachzureichen bzw. sp\u00e4testens am dritten Fehltag vorzulegen. In Einzelf\u00e4llen kann auch die Vorlage von \u00e4rztlichen Attesten verlangt werden. Besucht ihr Kind die <em>Ganztagsschule<\/em>, so geben Sie dies bitte immer zus\u00e4tzlich zur Krankmeldung an, damit das Essen f\u00fcr Ihr Kind f\u00fcr den betreffenden Tag abbestellt werden kann. Ansonsten erfolgt leider eine komplette Berechnung des Essens f\u00fcr ihr Kind.<br \/>\nIn der Schule gibt es auch eine Krankenliege; in der Regel bleibt das Kind aber, bis es abgeholt wird, im Klassenraum.<\/p>\n<p><strong>Beurlaubungen<br \/>\n<\/strong>Ein(e) Sch\u00fcler(in) kann nur aus wichtigen Gr\u00fcnden vom Schulbesuch beurlaubt werden. Die Beurlaubung sollte rechtzeitig schriftlich bei der jeweiligen Klassenleitung beantragt werden.<br \/>\nUnmittelbar vor oder nach den Ferien darf ein(e) Sch\u00fcler(in) nur durch die Schulleitung beurlaubt werden.<\/p>\n<p><strong>Schulbibliothek<img decoding=\"async\" loading=\"lazy\" class=\" wp-image-2054 alignright\" src=\"http:\/\/grundschule-zewen.de\/wp-content\/uploads\/2017\/09\/B\u00fccherei.jpg\" alt=\"\" width=\"183\" height=\"170\" srcset=\"http:\/\/grundschule-zewen.de\/wp-content\/uploads\/2017\/09\/B\u00fccherei.jpg 451w, http:\/\/grundschule-zewen.de\/wp-content\/uploads\/2017\/09\/B\u00fccherei-300x277.jpg 300w\" sizes=\"(max-width: 183px) 100vw, 183px\" \/><br \/>\n<\/strong>Unsere Schule hat im Laufe der Jahre, auch mit Unterst\u00fctzung unseres F\u00f6rdervereins, eine umfangreiche B\u00fccherei aufgebaut. Jedes Kind erh\u00e4lt eine Benutzerordnung, in der alle wichtigen Infos stehen. Nachdem Sie diese unterschrieben haben, bekommen die Kinder einen Leseausweis ausgestellt. In der Regel besucht jede Klasse alle zwei Wochen die B\u00fccherei. Die Kinder der ersten Klasse werden die B\u00fccherei nach den Herbstferien besuchen. Bei Fragen wenden Sie sich bitte an unser B\u00fccherei-Team: Frau Burczyk und Frau Heckmann.<\/p>\n<p><strong>Versicherungsschutz<\/strong><br \/>\nTrotz aller Bem\u00fchungen lassen sich Unf\u00e4lle im Schulbereich leider nicht ausschlie\u00dfen. Ihre Kinder sind grunds\u00e4tzlich \u00fcber die Unfallkasse Rheinland-Pfalz versichert.<br \/>\nDer Versicherungsschutz erstreckt sich auf:<br \/>\n&#8211; direkte Schulwege (ohne Pausen oder Umwege)<br \/>\n&#8211; Unterricht und Pausen<br \/>\n&#8211; Sportunterricht<br \/>\n&#8211; Wanderungen<br \/>\n&#8211; Unterrichtsg\u00e4nge<br \/>\n&#8211; Schul- und Klassenfeiern<br \/>\n&#8211; Klassenfahrten<br \/>\nFalls Sie f\u00fcr einen solchen Unfall \u00e4rztliche Hilfe in Anspruch nehmen, teilen Sie dies der Schule bitte umgehend mit, damit eine Unfallmeldung erfolgen kann. Sie brauchen dem behandelnden Arzt nur anzugeben, dass es sich um einen Schulunfall handelt.<br \/>\nHaftpflichtsch\u00e4den (Beispiel: Ihr Kind richtet auf dem Schulweg einen Schaden an) sind grunds\u00e4tzlich nicht versichert, sondern m\u00fcssen \u00fcber Ihre Familienhaftpflicht-Versicherung geregelt werden.<\/p>\n<p><strong>Fundsachen<br \/>\n<\/strong>Immer wieder bleiben Kleidungsst\u00fccke, Turnbeutel, Trinkflaschen o.\u00e4. in der Schule liegen. Bitte beschriften Sie alle Materialien (auch Sportkleidung etc.) mit dem Namen Ihres Kindes und schauen Sie regelm\u00e4\u00dfig in der \u201eFundkiste\u201c&nbsp; beim Hausmeister nach.<br \/>\nNicht abgeholte Sachen werden jeweils eine Woche nach den Ferien an wohlt\u00e4tige Organisationen gespendet.<\/p>\n<p><strong>Gespr\u00e4chstermine &amp; Sprechzeiten<br \/>\n<\/strong>Die Unterrichtszeit geh\u00f6rt ganz Ihren Kindern. Bitte haben Sie Verst\u00e4ndnis, dass wir vor oder nach dem Unterricht keine &#8222;T\u00fcr- und Angelgespr\u00e4che&#8220; f\u00fchren. Wichtige Informationen k\u00f6nnen Sie im Hausaufgabenheft Ihres Kindes notieren. Einmal j\u00e4hrlich finden Elternsprechtage oder Lehrer-Eltern-Sch\u00fcler-Gespr\u00e4che statt. Sollten Sie dar\u00fcber hinaus einen Gespr\u00e4chswunsch haben, so setzen Sie sich bitte mit der betreffenden Lehrkraft in Verbindung. Diese wird Ihnen einen Gespr\u00e4chstermin erteilen.<\/p>\n<p><strong>Sport- und Schwimmunterricht<img decoding=\"async\" loading=\"lazy\" class=\" wp-image-2056 alignright\" src=\"http:\/\/grundschule-zewen.de\/wp-content\/uploads\/2017\/09\/Sportunterricht.jpg\" alt=\"\" width=\"209\" height=\"165\" srcset=\"http:\/\/grundschule-zewen.de\/wp-content\/uploads\/2017\/09\/Sportunterricht.jpg 310w, http:\/\/grundschule-zewen.de\/wp-content\/uploads\/2017\/09\/Sportunterricht-300x237.jpg 300w\" sizes=\"(max-width: 209px) 100vw, 209px\" \/><br \/>\n<\/strong>Bitte achten Sie darauf, dass Ihre Kinder am Tag des Sport- oder Schwimmunterrichts keine Uhren und keinen Schmuck tragen (auch keine Ohrringe oder Ohrstecker \u2013 k\u00f6nnen Ohrringe oder Ohrstecker aus medizinischen Gr\u00fcnden nicht ausgezogen werden, m\u00fcssen diese morgens von den Eltern sicher abgeklebt werden, sodass keine Verletzungen entstehen k\u00f6nnen). Kinder mit langen Haaren sollten einen Zopf tragen.<br \/>\nAchten Sie bitte darauf, dass die Sportkleidung regelm\u00e4\u00dfig zum Waschen mit nach Hause genommen wird.<\/p>\n<p><strong>Zeugnisausgabe<img decoding=\"async\" loading=\"lazy\" class=\" wp-image-2065 alignright\" src=\"http:\/\/grundschule-zewen.de\/wp-content\/uploads\/2017\/09\/Zeugnis.jpg\" alt=\"\" width=\"187\" height=\"236\"><br \/>\n<\/strong>Am letzten Unterrichtstag vor den Sommerferien und am Tag der Ausgabe des Halbjahreszeugnisses endet der Unterricht f\u00fcr alle Kinder bereits um 12.00 Uhr.<br \/>\nIm 1. und 2. Schuljahr gibt es ein Jahreszeugnis am Ende des jeweiligen Schuljahres. Au\u00dferdem finden im zweiten bis vierten Schuljahr zum Halbjahr Lehrer-Eltern-Sch\u00fcler-Gespr\u00e4che statt. Dazu werden Sie gesondert von der Klassenlehrerin Ihres Kindes eingeladen. Im 3. und 4. Schuljahr wird zum Halbjahr und zum Ende des Schuljahres ein Notenzeugnis erstellt. Im 4. Schuljahr gibt es ein Empfehlungsgespr\u00e4ch, bei dem \u00fcber die Wahl der weiterf\u00fchrenden Schule gesprochen wird.<\/p>\n","protected":false},"excerpt":{"rendered":"<p>Raumplan Hier gelangen Sie zum Raumplan unserer Schule im Schuljahr 2022\/2023. Die Klassen 2a und 2b wurden im Turnhallengeb\u00e4ude unserer Schule untergebracht, um die Abst\u00e4nde m\u00f6glichst gut einhalten zu k\u00f6nnen. Dieser Geb\u00e4udeteil ist nicht auf dem Raumplan abgebildet. Aufsicht vor Schulbeginn Wir machen darauf aufmerksam, dass die Kinder, die morgens schon etwas fr\u00fcher zur Schule &hellip; <a href=\"http:\/\/grundschule-zewen.de\/?page_id=2043\" class=\"more-link\"><span class=\"screen-reader-text\">Grundlegende Informationen<\/span> weiterlesen <span class=\"meta-nav\">&rarr;<\/span><\/a><\/p>\n","protected":false},"author":2,"featured_media":0,"parent":0,"menu_order":0,"comment_status":"closed","ping_status":"closed","template":"page-templates\/full-width.php","meta":{"ngg_post_thumbnail":0},"_links":{"self":[{"href":"http:\/\/grundschule-zewen.de\/index.php?rest_route=\/wp\/v2\/pages\/2043"}],"collection":[{"href":"http:\/\/grundschule-zewen.de\/index.php?rest_route=\/wp\/v2\/pages"}],"about":[{"href":"http:\/\/grundschule-zewen.de\/index.php?rest_route=\/wp\/v2\/types\/page"}],"author":[{"embeddable":true,"href":"http:\/\/grundschule-zewen.de\/index.php?rest_route=\/wp\/v2\/users\/2"}],"replies":[{"embeddable":true,"href":"http:\/\/grundschule-zewen.de\/index.php?rest_route=%2Fwp%2Fv2%2Fcomments&post=2043"}],"version-history":[{"count":22,"href":"http:\/\/grundschule-zewen.de\/index.php?rest_route=\/wp\/v2\/pages\/2043\/revisions"}],"predecessor-version":[{"id":6606,"href":"http:\/\/grundschule-zewen.de\/index.php?rest_route=\/wp\/v2\/pages\/2043\/revisions\/6606"}],"wp:attachment":[{"href":"http:\/\/grundschule-zewen.de\/index.php?rest_route=%2Fwp%2Fv2%2Fmedia&parent=2043"}],"curies":[{"name":"wp","href":"https:\/\/api.w.org\/{rel}","templated":true}]}}