{"id":2010,"date":"2017-09-06T16:15:08","date_gmt":"2017-09-06T14:15:08","guid":{"rendered":"http:\/\/grundschule-zewen.de\/?page_id=2010"},"modified":"2020-03-09T16:41:04","modified_gmt":"2020-03-09T15:41:04","slug":"foerderverein-2","status":"publish","type":"page","link":"http:\/\/grundschule-zewen.de\/?page_id=2010","title":{"rendered":"F\u00f6rderverein"},"content":{"rendered":"<h5>F\u00f6rderverein der<br \/>\nGrundschule Trier-Zewen e.V.<br \/>\nFr\u00f6belstra\u00dfe 7<br \/>\n54294 Trier-Zewen<\/h5>\n<p>E-Mail: <a href=\"mailto:foerderverein-schule-zewen@gmx.net\">foerderverein-schule-zewen@gmx.net<\/a><\/p>\n","protected":false},"excerpt":{"rendered":"<p>F\u00f6rderverein der Grundschule Trier-Zewen e.V. Fr\u00f6belstra\u00dfe 7 54294 Trier-Zewen E-Mail: foerderverein-schule-zewen@gmx.net<\/p>\n","protected":false},"author":2,"featured_media":0,"parent":0,"menu_order":0,"comment_status":"closed","ping_status":"closed","template":"","meta":{"ngg_post_thumbnail":0},"_links":{"self":[{"href":"http:\/\/grundschule-zewen.de\/index.php?rest_route=\/wp\/v2\/pages\/2010"}],"collection":[{"href":"http:\/\/grundschule-zewen.de\/index.php?rest_route=\/wp\/v2\/pages"}],"about":[{"href":"http:\/\/grundschule-zewen.de\/index.php?rest_route=\/wp\/v2\/types\/page"}],"author":[{"embeddable":true,"href":"http:\/\/grundschule-zewen.de\/index.php?rest_route=\/wp\/v2\/users\/2"}],"replies":[{"embeddable":true,"href":"http:\/\/grundschule-zewen.de\/index.php?rest_route=%2Fwp%2Fv2%2Fcomments&post=2010"}],"version-history":[{"count":8,"href":"http:\/\/grundschule-zewen.de\/index.php?rest_route=\/wp\/v2\/pages\/2010\/revisions"}],"predecessor-version":[{"id":5368,"href":"http:\/\/grundschule-zewen.de\/index.php?rest_route=\/wp\/v2\/pages\/2010\/revisions\/5368"}],"wp:attachment":[{"href":"http:\/\/grundschule-zewen.de\/index.php?rest_route=%2Fwp%2Fv2%2Fmedia&parent=2010"}],"curies":[{"name":"wp","href":"https:\/\/api.w.org\/{rel}","templated":true}]}}