{"id":12,"date":"2017-05-09T18:44:45","date_gmt":"2017-05-09T18:44:45","guid":{"rendered":"http:\/\/grundschule-zewen.de\/?page_id=12"},"modified":"2018-08-12T15:26:03","modified_gmt":"2018-08-12T13:26:03","slug":"bilinguale-grundschule","status":"publish","type":"page","link":"http:\/\/grundschule-zewen.de\/?page_id=12","title":{"rendered":"Bilinguale Grundschule"},"content":{"rendered":"<p>Seit dem Schuljahr 2009\/10 f\u00fchren wir an unserer Schule einen bilingualen Zweig Franz\u00f6sisch.&nbsp;Ein entsprechender Antrag der Schule wurde seinerzeit vom Tr\u00e4ger,&nbsp;der Stadt Trier, ausdr\u00fccklich begr\u00fc\u00dft. Schuldezernent Ulrich Holkenbrink war&nbsp;sich sicher: \u201eDie franz\u00f6sische Sprache muss weiter gef\u00f6rdert werden und&nbsp;zwar nicht nur im Bereich des Gymnasiums.\u201c<\/p>\n<p><strong>Warum sich die Grundschule Trier-Zewen entschlossen hat,&nbsp;bilingual zu werden.<\/strong><\/p>\n<p>Durch die N\u00e4he zu Luxemburg und Frankreich haben wir uns f\u00fcr den&nbsp;bilingualen Unterricht in Franz\u00f6sisch entschieden und m\u00f6chten&nbsp;unseren Sch\u00fclerInnen m\u00f6glichst fr\u00fch die Chance bieten, die&nbsp;Sprache ihrer Nachbarn kennen zu lernen.<\/p>\n<p>Durch die internationale Forschung wei\u00df man, dass der m\u00f6glichst&nbsp;fr\u00fche Beginn des &nbsp;Fremdsprachenerwerbs von gro\u00dfer Bedeutung ist&nbsp;und Einfluss auf das weitere Sprachenlernen hat.<\/p>\n<p>Das Humboldt-Gymnasium in Trier bietet schon seit vielen Jahren einen&nbsp;bilingualen Zweig Franz\u00f6sisch an. Die Sch\u00fcler haben die M\u00f6glichkeit,&nbsp;am Ende der Mainzer Studienstufe neben der Allgemeinen Hochschulreife&nbsp;das franz\u00f6sische Baccalaur\u00e9at zu erwerben.<\/p>\n<p>Unsere Sch\u00fcler haben einerseits die M\u00f6glichkeit, ihr Sprachenlernen&nbsp;dort auszubauen. Andererseits ist die bilinguale Grundschule eine&nbsp;gute Vorbereitung auf das bilinguale Lernen am Gymnasium.<\/p>\n<p><strong>Lehren und Lernen im bilingualen Zweig<\/strong><\/p>\n<p>Das Lernen in der zweisprachigen Klasse orientiert sich an den Lehr- und&nbsp;Rahmenpl\u00e4nen f\u00fcr die einzelnen F\u00e4cher und an den vom Ministerium f\u00fcr&nbsp;Bildung, Wissenschaft und Kultur vorgelegten Handreichungen f\u00fcr&nbsp;Grundschulen mit zweisprachigem Unterricht. So werden in den Klasse&nbsp;ausgew\u00e4hlte F\u00e4cher von einer franz\u00f6sisch sprechenden Lehrerin unterrichtet.<\/p>\n<p>Die Franz\u00f6sischlehrerin spricht stets in ihrer Sprache zu den Kindern.&nbsp;Durch die stetige Wiederholung von Ritualen (wie z.B. Begr\u00fc\u00dfungslied)&nbsp;und Arbeitsanweisungen in Franz\u00f6sisch verstehen die Sch\u00fcler schnell&nbsp;und werden immer sicherer. So beginnen die Kinder schnell im&nbsp;Schulalltag franz\u00f6sische W\u00f6rter in ihre Sprache einzubauen&nbsp;(\u201eDas Quadrat ist bleu\u201c).<\/p>\n","protected":false},"excerpt":{"rendered":"<p>Seit dem Schuljahr 2009\/10 f\u00fchren wir an unserer Schule einen bilingualen Zweig Franz\u00f6sisch.&nbsp;Ein entsprechender Antrag der Schule wurde seinerzeit vom Tr\u00e4ger,&nbsp;der Stadt Trier, ausdr\u00fccklich begr\u00fc\u00dft. Schuldezernent Ulrich Holkenbrink war&nbsp;sich sicher: \u201eDie franz\u00f6sische Sprache muss weiter gef\u00f6rdert werden und&nbsp;zwar nicht nur im Bereich des Gymnasiums.\u201c Warum sich die Grundschule Trier-Zewen entschlossen hat,&nbsp;bilingual zu werden. Durch die &hellip; <a href=\"http:\/\/grundschule-zewen.de\/?page_id=12\" class=\"more-link\"><span class=\"screen-reader-text\">Bilinguale Grundschule<\/span> weiterlesen <span class=\"meta-nav\">&rarr;<\/span><\/a><\/p>\n","protected":false},"author":1,"featured_media":0,"parent":0,"menu_order":0,"comment_status":"closed","ping_status":"closed","template":"page-templates\/full-width.php","meta":{"ngg_post_thumbnail":0},"_links":{"self":[{"href":"http:\/\/grundschule-zewen.de\/index.php?rest_route=\/wp\/v2\/pages\/12"}],"collection":[{"href":"http:\/\/grundschule-zewen.de\/index.php?rest_route=\/wp\/v2\/pages"}],"about":[{"href":"http:\/\/grundschule-zewen.de\/index.php?rest_route=\/wp\/v2\/types\/page"}],"author":[{"embeddable":true,"href":"http:\/\/grundschule-zewen.de\/index.php?rest_route=\/wp\/v2\/users\/1"}],"replies":[{"embeddable":true,"href":"http:\/\/grundschule-zewen.de\/index.php?rest_route=%2Fwp%2Fv2%2Fcomments&post=12"}],"version-history":[{"count":5,"href":"http:\/\/grundschule-zewen.de\/index.php?rest_route=\/wp\/v2\/pages\/12\/revisions"}],"predecessor-version":[{"id":3417,"href":"http:\/\/grundschule-zewen.de\/index.php?rest_route=\/wp\/v2\/pages\/12\/revisions\/3417"}],"wp:attachment":[{"href":"http:\/\/grundschule-zewen.de\/index.php?rest_route=%2Fwp%2Fv2%2Fmedia&parent=12"}],"curies":[{"name":"wp","href":"https:\/\/api.w.org\/{rel}","templated":true}]}}