{"id":10,"date":"2017-05-09T18:43:42","date_gmt":"2017-05-09T18:43:42","guid":{"rendered":"http:\/\/grundschule-zewen.de\/?page_id=10"},"modified":"2019-11-25T10:58:14","modified_gmt":"2019-11-25T09:58:14","slug":"ganztagsschule","status":"publish","type":"page","link":"http:\/\/grundschule-zewen.de\/?page_id=10","title":{"rendered":"Aufbau und Organisation"},"content":{"rendered":"<div>\n<p>&nbsp;<\/p>\n<table cellspacing=\"0\" cellpadding=\"0\" border=\"1\">\n<tbody>\n<tr>\n<td colspan=\"4\" width=\"614\"><span class=\"zentriert\">Unsere Ganztagsschule im organisatorischen Ablauf<\/span><\/td>\n<\/tr>\n<tr>\n<td colspan=\"2\" width=\"307\"><span class=\"zentriert\">1. und 2. Klasse<\/span><\/td>\n<td colspan=\"2\" width=\"307\"><span class=\"zentriert\">3. und 4. Klasse<\/span><\/td>\n<\/tr>\n<tr>\n<td width=\"100\"><span class=\"zentriert\">12.00 Uhr<\/span><\/td>\n<td width=\"207\"><span class=\"zentriert\">Unterrichtsende<br \/>\nMittagessen<br \/>\n<\/span><span class=\"zentriert\">anschl. Erholungspause<br \/>\n<\/span><\/td>\n<td width=\"100\">13.00 Uhr<\/td>\n<td width=\"207\"><span class=\"zentriert\">Unterrichtsende<br \/>\n<\/span><span class=\"zentriert\">Mittagessen<br \/>\nanschl. Erholungspause<\/span><\/td>\n<\/tr>\n<tr>\n<td width=\"100\">13.15 Uhr<\/td>\n<td width=\"207\"><span class=\"zentriert\">Lernzeit<br \/>\nHausaufgabenbetreuung<br \/>\n<\/span><span class=\"zentriert\">anschl. Erholungspause<br \/>\n<\/span><\/td>\n<td width=\"100\">13.45 Uhr<\/td>\n<td width=\"207\"><span class=\"zentriert\">Lernzeit<br \/>\n<\/span><span class=\"zentriert\">Hausaufgabenbetreuung<br \/>\nanschl. Erholungspause<\/span><\/td>\n<\/tr>\n<tr>\n<td width=\"100\">14.45 Uhr<\/td>\n<td width=\"207\"><span class=\"zentriert\">Projekte (ab Klasse 2)<\/span><\/td>\n<td width=\"100\">14.45 Uhr<\/td>\n<td width=\"207\"><span class=\"zentriert\">Projekte<\/span><\/td>\n<\/tr>\n<tr>\n<td width=\"100\"><span class=\"zentriert\">16.00&nbsp;Uhr<\/span><\/td>\n<td width=\"207\"><span class=\"zentriert\">Ende des <\/span><span class=\"zentriert\"><span class=\"zentriert\">Ganztagsangebotes<\/span><\/span><\/td>\n<td width=\"100\">16.00 Uhr<\/td>\n<td class=\"zentriert\" width=\"207\">Ende des Ganztagsangebotes<\/td>\n<\/tr>\n<\/tbody>\n<\/table>\n<\/div>\n<p>Nach dem Unterricht gehen die Kinder gemeinsam zum Mittagessen; anschlie\u00dfend machen sie Hausaufgaben. Wir legen besonderen Wert darauf, dass die <strong>Hausaufgabenbetreuung<\/strong> und die Lernzeit ausschlie\u00dflich <em>in der Hand von Lehrkr\u00e4ften unserer Schule<\/em> liegt.<br \/>\n\n<table id=\"tablepress-2\" class=\"tablepress tablepress-id-2\">\n<thead>\n<tr class=\"row-1 odd\">\n\t<th class=\"column-1\"><\/th><th class=\"column-2\">Montag<\/th><th class=\"column-3\">Dienstag<\/th><th class=\"column-4\">Mittwoch<\/th><th class=\"column-5\">Donnerstag<\/th>\n<\/tr>\n<\/thead>\n<tbody class=\"row-hover\">\n<tr class=\"row-2 even\">\n\t<td class=\"column-1\">Klasse 1a<br \/>\n13.15 - 14.15 Uhr<\/td><td class=\"column-2\">Frau<br \/>\nHeckmann<\/td><td class=\"column-3\">Frau<br \/>\nH\u00fcsch<\/td><td class=\"column-4\">Frau<br \/>\nScheuer<\/td><td class=\"column-5\">Frau<br \/>\nM\u00fcller<\/td>\n<\/tr>\n<tr class=\"row-3 odd\">\n\t<td class=\"column-1\">Klasse 1b<br \/>\n13.15 - 14.15 Uhr<\/td><td class=\"column-2\">Frau<br \/>\nGraf<\/td><td class=\"column-3\">Frau<br \/>\nM\u00fcller<\/td><td class=\"column-4\">Frau<br \/>\nSeegel<\/td><td class=\"column-5\">Frau<br \/>\nSeegel<\/td>\n<\/tr>\n<tr class=\"row-4 even\">\n\t<td class=\"column-1\">Klasse 2a<br \/>\n13.15 - 14.15 Uhr<\/td><td class=\"column-2\">Frau<br \/>\nZeiger<\/td><td class=\"column-3\">Herr Steck<\/td><td class=\"column-4\">Herr Steck<\/td><td class=\"column-5\">Frau<br \/>\nZeiger<\/td>\n<\/tr>\n<tr class=\"row-5 odd\">\n\t<td class=\"column-1\">Klasse 2b<br \/>\n13.15 - 14.15 Uhr<\/td><td class=\"column-2\">Herr<br \/>\nSteck<\/td><td class=\"column-3\">Frau<br \/>\nSchmitt<\/td><td class=\"column-4\">Frau Hartke<\/td><td class=\"column-5\">Herr<br \/>\nSteck<\/td>\n<\/tr>\n<tr class=\"row-6 even\">\n\t<td class=\"column-1\">Klassen 3 &amp; 4<br \/>\n13.45 - 14.45 Uhr<\/td><td class=\"column-2\">Herr<br \/>\nButschan &amp;<br \/>\nFSJ<\/td><td class=\"column-3\">Herr<br \/>\nButschan &amp;<br \/>\nFSJ<\/td><td class=\"column-4\">Herr<br \/>\nButschan &amp;<br \/>\nFSJ<\/td><td class=\"column-5\">Herr<br \/>\nButschan &amp;<br \/>\nFSJ<\/td>\n<\/tr>\n<\/tbody>\n<\/table>\n<!-- #tablepress-2 from cache --><br \/>\nBei der Anfertigung der Hausaufgaben in der Ganztagsschule hat sich folgende Regel bew\u00e4hrt:<br \/>\nGrunds\u00e4tzlich steht allen Kindern zur Erledigung der Hausaufgaben eine Zeitstunde zur Verf\u00fcgung. Die Hausaufgaben sind so bemessen, dass die Kinder in dieser Zeit auch fertig werden k\u00f6nnen. Grunds\u00e4tzlich sollen aber alle Kinder p\u00fcnktlich an den Projekt- und Spielgruppen, die an die Hausaufgabenzeit anschlie\u00dfen, teilnehmen.<br \/>\nWir geben Ihnen daher zu den Hausaufgaben Ihres Kindes eine R\u00fcckmeldung durch Verwendung eines \u201eDaumenstempels\u201c und dem Namensk\u00fcrzel der anwesenden Lehrperson. Dieser hat folgende Bedeutung:<br \/>\n\n<table id=\"tablepress-6\" class=\"tablepress tablepress-id-6\">\n<thead>\n<tr class=\"row-1 odd\">\n\t<th class=\"column-1\"><br \/>\n\"Daumen hoch\"<img src=\"http:\/\/grundschule-zewen.de\/wp-content\/uploads\/2017\/09\/Daumen-hoch.jpg\" alt=\"\" width=\"236\" height=\"240\" class=\"alignnone size-full wp-image-2058\" \/><\/th><th class=\"column-2\"><br \/>\n\"Daumen mittel\"<img src=\"http:\/\/grundschule-zewen.de\/wp-content\/uploads\/2017\/09\/Daumen-mittel.jpg\" alt=\"\" width=\"240\" height=\"236\" class=\"alignnone size-full wp-image-2059\" \/><\/th><th class=\"column-3\"><br \/>\n\"Daumen runter\"<img src=\"http:\/\/grundschule-zewen.de\/wp-content\/uploads\/2017\/09\/Daumen-runter.jpg\" alt=\"\" width=\"236\" height=\"240\" class=\"alignnone size-full wp-image-2060\" \/><\/th>\n<\/tr>\n<\/thead>\n<tbody class=\"row-hover\">\n<tr class=\"row-2 even\">\n\t<td class=\"column-1\">Ihr Kind hat gut gearbeitet und ist mit den Hausaufgaben fertig geworden. Prima!<\/td><td class=\"column-2\">Ihr Kind hat gut und konzentriert gearbeitet, hat aber nicht alle Aufgaben geschafft.   Ob die Hausaufgaben zuhause fertig gemacht werden, liegt im Ermessen der Eltern.<\/td><td class=\"column-3\">Ihr Kind hat unkonzentriert gearbeitet bzw. w\u00e4hrend der Hausaufgabenzeit zuviel Unsinn gemacht. Fehlende Hausaufgaben m\u00fcssen zuhause nachgearbeitet werden.<\/td>\n<\/tr>\n<\/tbody>\n<\/table>\n<!-- #tablepress-6 from cache --><\/p>\n<p><b><\/b><i><\/i><u><\/u>Der Stempel gibt jedoch keine Gew\u00e4hr auf die Richtigkeit einzelner Aufgaben, hierf\u00fcr fehlt den Lehrpersonen leider meist die Zeit. Wir bitten Sie deshalb, t\u00e4glich nach der Ganztagsschule die Hausaufgaben Ihres Kindes nachzusehen.<\/p>\n<p>Anschlie\u00dfend nehmen die Sch\u00fclerinnen und Sch\u00fcler der Klassen 2 bis 4 an einem breit gef\u00e4cherten Angebot von <strong>Arbeitsgemeinschaften<\/strong> teil.\n<table id=\"tablepress-3\" class=\"tablepress tablepress-id-3\">\n<thead>\n<tr class=\"row-1 odd\">\n\t<th class=\"column-1\">Montag<\/th><th class=\"column-2\">Dienstag<\/th><th class=\"column-3\">Mittwoch<\/th><th class=\"column-4\">Donnerstag<\/th>\n<\/tr>\n<\/thead>\n<tbody class=\"row-hover\">\n<tr class=\"row-2 even\">\n\t<td class=\"column-1\">Frau Zeiger:<br \/>\n\"Medien-AG\"<\/td><td class=\"column-2\"><a href=\"https:\/\/www.musikverein-zewen.de\/home\" rel=\"noopener\" target=\"_blank\">Musikverein Zewen<\/a>:<br \/>\n\"Wir machen Musik\"<\/td><td class=\"column-3\">Frau Wanken:<br \/>\n\"<a href=\"http:\/\/www.tierheimtrier.de\/\" rel=\"noopener\" target=\"_blank\">Tierschutz-AG<\/a>\"<\/td><td class=\"column-4\">Frau <a href=\"https:\/\/kulturland.rlp.de\/de\/kultur-vermitteln\/jedem-kind-seine-kunst\/kuenstlerinnen-und-kuenstler\/?tx_ldijekiku_pi1%5BshowUid%5D=515\" rel=\"noopener\" target=\"_blank\">Abuaffar<\/a>:<br \/>\nArbeiten mit Keramik<\/td>\n<\/tr>\n<tr class=\"row-3 odd\">\n\t<td class=\"column-1\"><a href=\"https:\/\/r\u00f6merstrom-gladiators.de\/gladiators-trier-e-v\/programme\/\" rel=\"noopener\" target=\"_blank\">Gladiators Trier<\/a>:<br \/>\nBasketball-AG<\/td><td class=\"column-2\">Herr Michels:<br \/>\n\"<a href=\"https:\/\/www.fv-rheinland.de\/schule-fussball\/fussball-macht-schule\/\" rel=\"noopener\" target=\"_blank\">Fu\u00dfball macht Schule<\/a>\"<br \/>\n<\/td><td class=\"column-3\">Herr Kempf: \"Kreatives Gestalten\"<\/td><td class=\"column-4\">Herr May:<br \/>\n\"Radsport-AG\"<\/td>\n<\/tr>\n<tr class=\"row-4 even\">\n\t<td class=\"column-1\">Frau Dickten:<br \/>\n\"Spiele-AG\"<\/td><td class=\"column-2\">Frau Schruden (FSJ):<br \/>\n\"Sportliche Spiele\"<\/td><td class=\"column-3\">Frau Dickten:<br \/>\n\"Zeichnen und Basteln\"<\/td><td class=\"column-4\">Frau Schruden (FSJ):<br \/>\n\"Sport-AG\"<\/td>\n<\/tr>\n<\/tbody>\n<\/table>\n<!-- #tablepress-3 from cache --><b><\/b><i><\/i><u><\/u><\/p>\n<div>\n<p>Die Sch\u00fcler der 1. Klasse bilden bei uns in der Ganztagsschule eine p\u00e4dagogische Einheit. Die Kinder bleiben nach dem Mittagessen zusammen. F\u00fcr sie wird eine gesonderte AG angeboten.<br \/>\n\n<table id=\"tablepress-4\" class=\"tablepress tablepress-id-4\">\n<thead>\n<tr class=\"row-1 odd\">\n\t<th class=\"column-1\">Montag<\/th><th class=\"column-2\">Dienstag<\/th><th class=\"column-3\">Mittwoch<\/th><th class=\"column-4\">Donnerstag<\/th>\n<\/tr>\n<\/thead>\n<tbody class=\"row-hover\">\n<tr class=\"row-2 even\">\n\t<td class=\"column-1\">Herr Kempf:<br \/>\n\"Kreatives Gestalten\"<br \/>\nHerr Lesch:<br \/>\n\"Lesen macht Spa\u00df!\"<\/td><td class=\"column-2\">Herr Kempf:<br \/>\n\"Kreatives Gestalten\"<br \/>\nFrau Tigges:<br \/>\n\"M\u00e4rchen und Kindergedichte\"<\/td><td class=\"column-3\">Frau H\u00fcsch: \"Der Wald\"<br \/>\nHerr Lesch: \"Spiele-AG\"<br \/>\n<\/td><td class=\"column-4\">Frau Tigges: \"(Haus-)Tiere\"<br \/>\nFrau Albrecht: \"Kreatives Arbeiten\"<\/td>\n<\/tr>\n<\/tbody>\n<\/table>\n<!-- #tablepress-4 from cache --><\/p>\n<p><strong>Nach dem Ende der Ganztagsschule (16.00 Uhr) findet auf dem Schulgel\u00e4nde keine Aufsicht mehr statt.<\/strong><br \/>\nDer Umfang der von der Schule zu leistenden Aufsicht ist in einer Verwaltungsvorschrift bzw. einem Gemeinsamen Amtsblatt wie folgt geregelt:<br \/>\n&#8222;[&#8230;] Eine Aufsichtsf\u00fchrung ca. 15 Minuten vor Beginn der ersten Unterrichtsstunde ist im Allgemeinen ausreichend. Sie endet f\u00fcr die Sch\u00fclerinnen und Sch\u00fcler mit dem Verlassen des Schulgrundst\u00fccks im Anschluss an die Beendigung des Unterrichts. Wird der t\u00e4gliche Schulbetrieb beendet, findet eine schulische Aufsicht auf dem Schulgrundst\u00fcck nicht mehr statt. [&#8230;]&#8220;<br \/>\nDa der t\u00e4gliche Schulbetrieb bei uns montags bis donnerstags um 16.00 Uhr beendet wird, findet dementsprechend ab 16.00 Uhr keine Aufsicht mehr statt.<\/p>\n<\/div>\n","protected":false},"excerpt":{"rendered":"<p>&nbsp; Unsere Ganztagsschule im organisatorischen Ablauf 1. und 2. Klasse 3. und 4. Klasse 12.00 Uhr Unterrichtsende Mittagessen anschl. Erholungspause 13.00 Uhr Unterrichtsende Mittagessen anschl. Erholungspause 13.15 Uhr Lernzeit Hausaufgabenbetreuung anschl. Erholungspause 13.45 Uhr Lernzeit Hausaufgabenbetreuung anschl. Erholungspause 14.45 Uhr Projekte (ab Klasse 2) 14.45 Uhr Projekte 16.00&nbsp;Uhr Ende des Ganztagsangebotes 16.00 Uhr Ende des &hellip; <a href=\"http:\/\/grundschule-zewen.de\/?page_id=10\" class=\"more-link\"><span class=\"screen-reader-text\">Aufbau und Organisation<\/span> weiterlesen <span class=\"meta-nav\">&rarr;<\/span><\/a><\/p>\n","protected":false},"author":1,"featured_media":0,"parent":0,"menu_order":0,"comment_status":"closed","ping_status":"closed","template":"page-templates\/full-width.php","meta":{"ngg_post_thumbnail":0},"_links":{"self":[{"href":"http:\/\/grundschule-zewen.de\/index.php?rest_route=\/wp\/v2\/pages\/10"}],"collection":[{"href":"http:\/\/grundschule-zewen.de\/index.php?rest_route=\/wp\/v2\/pages"}],"about":[{"href":"http:\/\/grundschule-zewen.de\/index.php?rest_route=\/wp\/v2\/types\/page"}],"author":[{"embeddable":true,"href":"http:\/\/grundschule-zewen.de\/index.php?rest_route=\/wp\/v2\/users\/1"}],"replies":[{"embeddable":true,"href":"http:\/\/grundschule-zewen.de\/index.php?rest_route=%2Fwp%2Fv2%2Fcomments&post=10"}],"version-history":[{"count":14,"href":"http:\/\/grundschule-zewen.de\/index.php?rest_route=\/wp\/v2\/pages\/10\/revisions"}],"predecessor-version":[{"id":5025,"href":"http:\/\/grundschule-zewen.de\/index.php?rest_route=\/wp\/v2\/pages\/10\/revisions\/5025"}],"wp:attachment":[{"href":"http:\/\/grundschule-zewen.de\/index.php?rest_route=%2Fwp%2Fv2%2Fmedia&parent=10"}],"curies":[{"name":"wp","href":"https:\/\/api.w.org\/{rel}","templated":true}]}}